{"id":214,"date":"2019-07-24T07:50:46","date_gmt":"2019-07-24T07:50:46","guid":{"rendered":"https:\/\/demo.themeisle.com\/neve-vacation-rental\/?page_id=9"},"modified":"2024-05-23T13:31:10","modified_gmt":"2024-05-23T11:31:10","slug":"domek-niebieski-1","status":"publish","type":"page","link":"https:\/\/www.osadanawyspie.pl\/index.php\/domek-niebieski-1\/","title":{"rendered":"Domek niebieski"},"content":{"rendered":"\t\t<div data-elementor-type=\"wp-post\" data-elementor-id=\"214\" class=\"elementor elementor-214\">\n\t\t\t\t\t\t<div class=\"elementor-inner\">\n\t\t\t\t<div class=\"elementor-section-wrap\">\n\t\t\t\t\t\t\t\t\t<section class=\"elementor-section elementor-top-section elementor-element elementor-element-7756a4f elementor-section-boxed elementor-section-height-default elementor-section-height-default\" data-id=\"7756a4f\" data-element_type=\"section\">\n\t\t\t\t\t\t<div class=\"elementor-container elementor-column-gap-default\">\n\t\t\t\t\t\t\t<div class=\"elementor-row\">\n\t\t\t\t\t<div class=\"elementor-column elementor-col-100 elementor-top-column elementor-element elementor-element-a9f9b06\" data-id=\"a9f9b06\" data-element_type=\"column\">\n\t\t\t<div class=\"elementor-column-wrap elementor-element-populated\">\n\t\t\t\t\t\t\t<div class=\"elementor-widget-wrap\">\n\t\t\t\t\t\t<div class=\"elementor-element elementor-element-21432e2 elementor-widget elementor-widget-heading\" data-id=\"21432e2\" data-element_type=\"widget\" data-widget_type=\"heading.default\">\n\t\t\t\t<div class=\"elementor-widget-container\">\n\t\t\t<h2 class=\"elementor-heading-title elementor-size-xl\">Domek niebieski 1<\/h2>\t\t<\/div>\n\t\t\t\t<\/div>\n\t\t\t\t<section class=\"elementor-section elementor-inner-section elementor-element elementor-element-861faeb elementor-section-boxed elementor-section-height-default elementor-section-height-default\" data-id=\"861faeb\" data-element_type=\"section\">\n\t\t\t\t\t\t<div class=\"elementor-container elementor-column-gap-default\">\n\t\t\t\t\t\t\t<div class=\"elementor-row\">\n\t\t\t\t\t<div class=\"elementor-column elementor-col-50 elementor-inner-column elementor-element elementor-element-0b1f304\" data-id=\"0b1f304\" data-element_type=\"column\">\n\t\t\t<div class=\"elementor-column-wrap elementor-element-populated\">\n\t\t\t\t\t\t\t<div class=\"elementor-widget-wrap\">\n\t\t\t\t\t\t<div class=\"elementor-element elementor-element-51b50fc elementor-widget elementor-widget-image\" data-id=\"51b50fc\" data-element_type=\"widget\" data-widget_type=\"image.default\">\n\t\t\t\t<div class=\"elementor-widget-container\">\n\t\t\t\t\t\t\t\t<div class=\"elementor-image\">\n\t\t\t\t\t\t\t\t\t\t\t\t<img width=\"768\" height=\"1024\" src=\"https:\/\/www.osadanawyspie.pl\/wp-content\/uploads\/2022\/11\/IMG_20220603_142519-768x1024.jpg\" class=\"attachment-large size-large wp-image-448\" alt=\"Domek niebieski 1\" loading=\"lazy\" srcset=\"https:\/\/www.osadanawyspie.pl\/wp-content\/uploads\/2022\/11\/IMG_20220603_142519-768x1024.jpg 768w, https:\/\/www.osadanawyspie.pl\/wp-content\/uploads\/2022\/11\/IMG_20220603_142519-225x300.jpg 225w, https:\/\/www.osadanawyspie.pl\/wp-content\/uploads\/2022\/11\/IMG_20220603_142519-1152x1536.jpg 1152w, https:\/\/www.osadanawyspie.pl\/wp-content\/uploads\/2022\/11\/IMG_20220603_142519-1536x2048.jpg 1536w, https:\/\/www.osadanawyspie.pl\/wp-content\/uploads\/2022\/11\/IMG_20220603_142519-scaled.jpg 1920w\" sizes=\"(max-width: 768px) 100vw, 768px\" \/>\t\t\t\t\t\t\t\t\t\t\t\t\t\t<\/div>\n\t\t\t\t\t\t<\/div>\n\t\t\t\t<\/div>\n\t\t\t\t\t\t<\/div>\n\t\t\t\t\t<\/div>\n\t\t<\/div>\n\t\t\t\t<div class=\"elementor-column elementor-col-50 elementor-inner-column elementor-element elementor-element-0c294cd\" data-id=\"0c294cd\" data-element_type=\"column\">\n\t\t\t<div class=\"elementor-column-wrap elementor-element-populated\">\n\t\t\t\t\t\t\t<div class=\"elementor-widget-wrap\">\n\t\t\t\t\t\t<div class=\"elementor-element elementor-element-727f9e3 elementor-icon-list--layout-traditional elementor-list-item-link-full_width elementor-widget elementor-widget-icon-list\" data-id=\"727f9e3\" data-element_type=\"widget\" data-widget_type=\"icon-list.default\">\n\t\t\t\t<div class=\"elementor-widget-container\">\n\t\t\t\t\t<ul class=\"elementor-icon-list-items\">\n\t\t\t\t\t\t\t<li class=\"elementor-icon-list-item\">\n\t\t\t\t\t\t\t\t\t\t\t<span class=\"elementor-icon-list-icon\">\n\t\t\t\t\t\t\t<i aria-hidden=\"true\" class=\"fas fa-user-friends\"><\/i>\t\t\t\t\t\t<\/span>\n\t\t\t\t\t\t\t\t\t\t<span class=\"elementor-icon-list-text\">4 osoby (+2 na rozk\u0142adanej kanapie)<\/span>\n\t\t\t\t\t\t\t\t\t<\/li>\n\t\t\t\t\t\t\t\t<li class=\"elementor-icon-list-item\">\n\t\t\t\t\t\t\t\t\t\t\t<span class=\"elementor-icon-list-icon\">\n\t\t\t\t\t\t\t<i aria-hidden=\"true\" class=\"fas fa-bed\"><\/i>\t\t\t\t\t\t<\/span>\n\t\t\t\t\t\t\t\t\t\t<span class=\"elementor-icon-list-text\">sypialnia 1: 1x \u0142\u00f3\u017cko podw\u00f3jne<\/span>\n\t\t\t\t\t\t\t\t\t<\/li>\n\t\t\t\t\t\t\t\t<li class=\"elementor-icon-list-item\">\n\t\t\t\t\t\t\t\t\t\t\t<span class=\"elementor-icon-list-icon\">\n\t\t\t\t\t\t\t<i aria-hidden=\"true\" class=\"fas fa-bed\"><\/i>\t\t\t\t\t\t<\/span>\n\t\t\t\t\t\t\t\t\t\t<span class=\"elementor-icon-list-text\">sypialnia 2: 2x \u0142\u00f3\u017cko pojedyncze<\/span>\n\t\t\t\t\t\t\t\t\t<\/li>\n\t\t\t\t\t\t\t\t<li class=\"elementor-icon-list-item\">\n\t\t\t\t\t\t\t\t\t\t\t<a href=\"index.php\/cennik\/\">\n\n\t\t\t\t\t\t\t\t\t\t\t\t<span class=\"elementor-icon-list-icon\">\n\t\t\t\t\t\t\t<i aria-hidden=\"true\" class=\"far fa-credit-card\"><\/i>\t\t\t\t\t\t<\/span>\n\t\t\t\t\t\t\t\t\t\t<span class=\"elementor-icon-list-text\">Zobacz ceny<\/span>\n\t\t\t\t\t\t\t\t\t\t\t<\/a>\n\t\t\t\t\t\t\t\t\t<\/li>\n\t\t\t\t\t\t<\/ul>\n\t\t\t\t<\/div>\n\t\t\t\t<\/div>\n\t\t\t\t<div class=\"elementor-element elementor-element-99b71a4 elementor-widget elementor-widget-text-editor\" data-id=\"99b71a4\" data-element_type=\"widget\" data-widget_type=\"text-editor.default\">\n\t\t\t\t<div class=\"elementor-widget-container\">\n\t\t\t\t\t\t\t\t<div class=\"elementor-text-editor elementor-clearfix\">\n\t\t\t\t<p><strong>Dodatkowo w domku:<\/strong><\/p>\t\t\t\t\t<\/div>\n\t\t\t\t\t\t<\/div>\n\t\t\t\t<\/div>\n\t\t\t\t<div class=\"elementor-element elementor-element-e7841b9 elementor-icon-list--layout-traditional elementor-list-item-link-full_width elementor-widget elementor-widget-icon-list\" data-id=\"e7841b9\" data-element_type=\"widget\" data-widget_type=\"icon-list.default\">\n\t\t\t\t<div class=\"elementor-widget-container\">\n\t\t\t\t\t<ul class=\"elementor-icon-list-items\">\n\t\t\t\t\t\t\t<li class=\"elementor-icon-list-item\">\n\t\t\t\t\t\t\t\t\t\t\t<span class=\"elementor-icon-list-icon\">\n\t\t\t\t\t\t\t<i aria-hidden=\"true\" class=\"fas fa-utensils\"><\/i>\t\t\t\t\t\t<\/span>\n\t\t\t\t\t\t\t\t\t\t<span class=\"elementor-icon-list-text\">Wyposa\u017cenie kuchni (naczynia, sztu\u0107ce, garnki, przybory kuchenne, ekspres do kawy, kuchenka mikrofalowa, czajnik elektryczny, lod\u00f3wka, p\u0142yta ceramiczna)<\/span>\n\t\t\t\t\t\t\t\t\t<\/li>\n\t\t\t\t\t\t\t\t<li class=\"elementor-icon-list-item\">\n\t\t\t\t\t\t\t\t\t\t\t<span class=\"elementor-icon-list-icon\">\n\t\t\t\t\t\t\t<i aria-hidden=\"true\" class=\"fas fa-umbrella-beach\"><\/i>\t\t\t\t\t\t<\/span>\n\t\t\t\t\t\t\t\t\t\t<span class=\"elementor-icon-list-text\">Le\u017caki drewniane 2 szt., parawan i parasol pla\u017cowy<\/span>\n\t\t\t\t\t\t\t\t\t<\/li>\n\t\t\t\t\t\t\t\t<li class=\"elementor-icon-list-item\">\n\t\t\t\t\t\t\t\t\t\t\t<span class=\"elementor-icon-list-icon\">\n\t\t\t\t\t\t\t<i aria-hidden=\"true\" class=\"fas fa-wifi\"><\/i>\t\t\t\t\t\t<\/span>\n\t\t\t\t\t\t\t\t\t\t<span class=\"elementor-icon-list-text\">WI-FI<\/span>\n\t\t\t\t\t\t\t\t\t<\/li>\n\t\t\t\t\t\t\t\t<li class=\"elementor-icon-list-item\">\n\t\t\t\t\t\t\t\t\t\t\t<span class=\"elementor-icon-list-icon\">\n\t\t\t\t\t\t\t<i aria-hidden=\"true\" class=\"fas fa-scroll\"><\/i>\t\t\t\t\t\t<\/span>\n\t\t\t\t\t\t\t\t\t\t<span class=\"elementor-icon-list-text\">R\u0119czniki i po\u015bciel<\/span>\n\t\t\t\t\t\t\t\t\t<\/li>\n\t\t\t\t\t\t\t\t<li class=\"elementor-icon-list-item\">\n\t\t\t\t\t\t\t\t\t\t\t<span class=\"elementor-icon-list-icon\">\n\t\t\t\t\t\t\t<i aria-hidden=\"true\" class=\"fas fa-chair\"><\/i>\t\t\t\t\t\t<\/span>\n\t\t\t\t\t\t\t\t\t\t<span class=\"elementor-icon-list-text\">Meble ogrodowe na tarasie i grill<\/span>\n\t\t\t\t\t\t\t\t\t<\/li>\n\t\t\t\t\t\t<\/ul>\n\t\t\t\t<\/div>\n\t\t\t\t<\/div>\n\t\t\t\t\t\t<\/div>\n\t\t\t\t\t<\/div>\n\t\t<\/div>\n\t\t\t\t\t\t\t\t<\/div>\n\t\t\t\t\t<\/div>\n\t\t<\/section>\n\t\t\t\t\t\t<\/div>\n\t\t\t\t\t<\/div>\n\t\t<\/div>\n\t\t\t\t\t\t\t\t<\/div>\n\t\t\t\t\t<\/div>\n\t\t<\/section>\n\t\t\t\t<section class=\"elementor-section elementor-top-section elementor-element elementor-element-68adb66 elementor-section-boxed elementor-section-height-default elementor-section-height-default\" data-id=\"68adb66\" data-element_type=\"section\" data-settings=\"{&quot;background_background&quot;:&quot;classic&quot;}\">\n\t\t\t\t\t\t<div class=\"elementor-container elementor-column-gap-default\">\n\t\t\t\t\t\t\t<div class=\"elementor-row\">\n\t\t\t\t\t<div class=\"elementor-column elementor-col-50 elementor-top-column elementor-element elementor-element-11995b0\" data-id=\"11995b0\" data-element_type=\"column\">\n\t\t\t<div class=\"elementor-column-wrap elementor-element-populated\">\n\t\t\t\t\t\t\t<div class=\"elementor-widget-wrap\">\n\t\t\t\t\t\t<div class=\"elementor-element elementor-element-b3d76bd elementor-widget elementor-widget-image\" data-id=\"b3d76bd\" data-element_type=\"widget\" data-widget_type=\"image.default\">\n\t\t\t\t<div class=\"elementor-widget-container\">\n\t\t\t\t\t\t\t\t<div class=\"elementor-image\">\n\t\t\t\t\t\t\t\t\t\t\t\t<img width=\"1024\" height=\"768\" src=\"https:\/\/www.osadanawyspie.pl\/wp-content\/uploads\/2023\/06\/IMG_20230602_142754-scaled.jpg\" class=\"attachment-large size-large wp-image-1081\" alt=\"\" loading=\"lazy\" srcset=\"https:\/\/www.osadanawyspie.pl\/wp-content\/uploads\/2023\/06\/IMG_20230602_142754-scaled.jpg 2560w, https:\/\/www.osadanawyspie.pl\/wp-content\/uploads\/2023\/06\/IMG_20230602_142754-300x225.jpg 300w\" sizes=\"(max-width: 1024px) 100vw, 1024px\" \/>\t\t\t\t\t\t\t\t\t\t\t\t\t\t<\/div>\n\t\t\t\t\t\t<\/div>\n\t\t\t\t<\/div>\n\t\t\t\t<div class=\"elementor-element elementor-element-4d1b4de elementor-widget elementor-widget-image\" data-id=\"4d1b4de\" data-element_type=\"widget\" data-widget_type=\"image.default\">\n\t\t\t\t<div class=\"elementor-widget-container\">\n\t\t\t\t\t\t\t\t<div class=\"elementor-image\">\n\t\t\t\t\t\t\t\t\t\t\t\t<img width=\"1024\" height=\"683\" src=\"https:\/\/www.osadanawyspie.pl\/wp-content\/uploads\/2021\/03\/12-1024x683.jpg\" class=\"attachment-large size-large wp-image-346\" alt=\"\" loading=\"lazy\" srcset=\"https:\/\/www.osadanawyspie.pl\/wp-content\/uploads\/2021\/03\/12-1024x683.jpg 1024w, https:\/\/www.osadanawyspie.pl\/wp-content\/uploads\/2021\/03\/12-300x200.jpg 300w, https:\/\/www.osadanawyspie.pl\/wp-content\/uploads\/2021\/03\/12-768x512.jpg 768w, https:\/\/www.osadanawyspie.pl\/wp-content\/uploads\/2021\/03\/12-1536x1024.jpg 1536w, https:\/\/www.osadanawyspie.pl\/wp-content\/uploads\/2021\/03\/12-930x620.jpg 930w, https:\/\/www.osadanawyspie.pl\/wp-content\/uploads\/2021\/03\/12.jpg 1920w\" sizes=\"(max-width: 1024px) 100vw, 1024px\" \/>\t\t\t\t\t\t\t\t\t\t\t\t\t\t<\/div>\n\t\t\t\t\t\t<\/div>\n\t\t\t\t<\/div>\n\t\t\t\t<div class=\"elementor-element elementor-element-727377a elementor-widget elementor-widget-image\" data-id=\"727377a\" data-element_type=\"widget\" data-widget_type=\"image.default\">\n\t\t\t\t<div class=\"elementor-widget-container\">\n\t\t\t\t\t\t\t\t<div class=\"elementor-image\">\n\t\t\t\t\t\t\t\t\t\t\t\t<img width=\"1024\" height=\"768\" src=\"https:\/\/www.osadanawyspie.pl\/wp-content\/uploads\/2021\/03\/8_1-1-1024x768.jpg\" class=\"attachment-large size-large wp-image-355\" alt=\"Sypialnia-1\" loading=\"lazy\" srcset=\"https:\/\/www.osadanawyspie.pl\/wp-content\/uploads\/2021\/03\/8_1-1-1024x768.jpg 1024w, https:\/\/www.osadanawyspie.pl\/wp-content\/uploads\/2021\/03\/8_1-1-300x225.jpg 300w, https:\/\/www.osadanawyspie.pl\/wp-content\/uploads\/2021\/03\/8_1-1-768x576.jpg 768w, https:\/\/www.osadanawyspie.pl\/wp-content\/uploads\/2021\/03\/8_1-1-1536x1152.jpg 1536w, https:\/\/www.osadanawyspie.pl\/wp-content\/uploads\/2021\/03\/8_1-1-2048x1536.jpg 2048w\" sizes=\"(max-width: 1024px) 100vw, 1024px\" \/>\t\t\t\t\t\t\t\t\t\t\t\t\t\t<\/div>\n\t\t\t\t\t\t<\/div>\n\t\t\t\t<\/div>\n\t\t\t\t<div class=\"elementor-element elementor-element-4b5f1eb elementor-widget elementor-widget-image\" data-id=\"4b5f1eb\" data-element_type=\"widget\" data-widget_type=\"image.default\">\n\t\t\t\t<div class=\"elementor-widget-container\">\n\t\t\t\t\t\t\t\t<div class=\"elementor-image\">\n\t\t\t\t\t\t\t\t\t\t\t\t<img width=\"1024\" height=\"683\" src=\"https:\/\/www.osadanawyspie.pl\/wp-content\/uploads\/2021\/03\/11-1024x683.jpg\" class=\"attachment-large size-large wp-image-342\" alt=\"\" loading=\"lazy\" srcset=\"https:\/\/www.osadanawyspie.pl\/wp-content\/uploads\/2021\/03\/11-1024x683.jpg 1024w, https:\/\/www.osadanawyspie.pl\/wp-content\/uploads\/2021\/03\/11-300x200.jpg 300w, https:\/\/www.osadanawyspie.pl\/wp-content\/uploads\/2021\/03\/11-768x512.jpg 768w, https:\/\/www.osadanawyspie.pl\/wp-content\/uploads\/2021\/03\/11-1536x1024.jpg 1536w, https:\/\/www.osadanawyspie.pl\/wp-content\/uploads\/2021\/03\/11-930x620.jpg 930w, https:\/\/www.osadanawyspie.pl\/wp-content\/uploads\/2021\/03\/11.jpg 1920w\" sizes=\"(max-width: 1024px) 100vw, 1024px\" \/>\t\t\t\t\t\t\t\t\t\t\t\t\t\t<\/div>\n\t\t\t\t\t\t<\/div>\n\t\t\t\t<\/div>\n\t\t\t\t\t\t<\/div>\n\t\t\t\t\t<\/div>\n\t\t<\/div>\n\t\t\t\t<div class=\"elementor-column elementor-col-50 elementor-top-column elementor-element elementor-element-4b108ac\" data-id=\"4b108ac\" data-element_type=\"column\">\n\t\t\t<div class=\"elementor-column-wrap elementor-element-populated\">\n\t\t\t\t\t\t\t<div class=\"elementor-widget-wrap\">\n\t\t\t\t\t\t<div class=\"elementor-element elementor-element-174d526 elementor-widget elementor-widget-image\" data-id=\"174d526\" data-element_type=\"widget\" data-widget_type=\"image.default\">\n\t\t\t\t<div class=\"elementor-widget-container\">\n\t\t\t\t\t\t\t\t<div class=\"elementor-image\">\n\t\t\t\t\t\t\t\t\t\t\t\t<img width=\"930\" height=\"620\" src=\"https:\/\/www.osadanawyspie.pl\/wp-content\/uploads\/2024\/05\/1716463620726-930x620.jpg\" class=\"attachment-neve-blog size-neve-blog wp-image-1168\" alt=\"\" loading=\"lazy\" \/>\t\t\t\t\t\t\t\t\t\t\t\t\t\t<\/div>\n\t\t\t\t\t\t<\/div>\n\t\t\t\t<\/div>\n\t\t\t\t<div class=\"elementor-element elementor-element-5c87fe2 elementor-widget elementor-widget-image\" data-id=\"5c87fe2\" data-element_type=\"widget\" data-widget_type=\"image.default\">\n\t\t\t\t<div class=\"elementor-widget-container\">\n\t\t\t\t\t\t\t\t<div class=\"elementor-image\">\n\t\t\t\t\t\t\t\t\t\t\t\t<img width=\"1024\" height=\"683\" src=\"https:\/\/www.osadanawyspie.pl\/wp-content\/uploads\/2021\/03\/7-1024x683.jpg\" class=\"attachment-large size-large wp-image-341\" alt=\"\" loading=\"lazy\" srcset=\"https:\/\/www.osadanawyspie.pl\/wp-content\/uploads\/2021\/03\/7-1024x683.jpg 1024w, https:\/\/www.osadanawyspie.pl\/wp-content\/uploads\/2021\/03\/7-300x200.jpg 300w, https:\/\/www.osadanawyspie.pl\/wp-content\/uploads\/2021\/03\/7-768x512.jpg 768w, https:\/\/www.osadanawyspie.pl\/wp-content\/uploads\/2021\/03\/7-1536x1024.jpg 1536w, https:\/\/www.osadanawyspie.pl\/wp-content\/uploads\/2021\/03\/7-930x620.jpg 930w, https:\/\/www.osadanawyspie.pl\/wp-content\/uploads\/2021\/03\/7.jpg 1920w\" sizes=\"(max-width: 1024px) 100vw, 1024px\" \/>\t\t\t\t\t\t\t\t\t\t\t\t\t\t<\/div>\n\t\t\t\t\t\t<\/div>\n\t\t\t\t<\/div>\n\t\t\t\t\t\t<\/div>\n\t\t\t\t\t<\/div>\n\t\t<\/div>\n\t\t\t\t\t\t\t\t<\/div>\n\t\t\t\t\t<\/div>\n\t\t<\/section>\n\t\t\t\t\t\t\t\t\t<\/div>\n\t\t\t<\/div>\n\t\t\t\t\t<\/div>\n\t\t","protected":false},"excerpt":{"rendered":"<p>Domek niebieski 1 4 osoby (+2 na rozk\u0142adanej kanapie) sypialnia 1: 1x \u0142\u00f3\u017cko podw\u00f3jne sypialnia 2: 2x \u0142\u00f3\u017cko pojedyncze Zobacz ceny Dodatkowo w domku: Wyposa\u017cenie kuchni (naczynia, sztu\u0107ce, garnki, przybory kuchenne, ekspres do kawy, kuchenka mikrofalowa, czajnik elektryczny, lod\u00f3wka, p\u0142yta ceramiczna) Le\u017caki drewniane 2 szt., parawan i parasol pla\u017cowy WI-FI R\u0119czniki i po\u015bciel Meble ogrodowe&hellip;&nbsp;<a href=\"https:\/\/www.osadanawyspie.pl\/index.php\/domek-niebieski-1\/\" rel=\"bookmark\">Dowiedz si\u0119 wi\u0119cej &raquo;<span class=\"screen-reader-text\">Domek niebieski<\/span><\/a><\/p>\n","protected":false},"author":1,"featured_media":0,"parent":0,"menu_order":0,"comment_status":"closed","ping_status":"closed","template":"page-templates\/template-pagebuilder-full-width.php","meta":{"neve_meta_sidebar":"","neve_meta_container":"","neve_meta_enable_content_width":"","neve_meta_content_width":70,"neve_meta_title_alignment":"","neve_meta_author_avatar":"","neve_post_elements_order":"","neve_meta_disable_header":"","neve_meta_disable_footer":"","neve_meta_disable_title":"","_themeisle_gutenberg_block_has_review":false},"yoast_head":"<!-- This site is optimized with the Yoast SEO plugin v19.11 - https:\/\/yoast.com\/wordpress\/plugins\/seo\/ -->\n<title>Domek niebieski - Osada na Wyspie<\/title>\n<meta name=\"description\" content=\"Domki letniskowe na wynajem nad morzem na Wyspie Sobieszewskiej. Odkryj, jak trafi\u0107 w najlepsze miejsce na rodzinny wypoczynek. Zadzwo\u0144 +48600781919\" \/>\n<meta name=\"robots\" content=\"index, follow, max-snippet:-1, max-image-preview:large, max-video-preview:-1\" \/>\n<link rel=\"canonical\" href=\"https:\/\/www.osadanawyspie.pl\/index.php\/domek-niebieski-1\/\" \/>\n<meta property=\"og:locale\" content=\"pl_PL\" \/>\n<meta property=\"og:type\" content=\"article\" \/>\n<meta property=\"og:title\" content=\"Domek niebieski - Osada na Wyspie\" \/>\n<meta property=\"og:description\" content=\"Domki letniskowe na wynajem nad morzem na Wyspie Sobieszewskiej. Odkryj, jak trafi\u0107 w najlepsze miejsce na rodzinny wypoczynek. Zadzwo\u0144 +48600781919\" \/>\n<meta property=\"og:url\" content=\"https:\/\/www.osadanawyspie.pl\/index.php\/domek-niebieski-1\/\" \/>\n<meta property=\"og:site_name\" content=\"Osada na Wyspie\" \/>\n<meta property=\"article:publisher\" content=\"https:\/\/www.facebook.com\/OsadaNaWyspie\" \/>\n<meta property=\"article:modified_time\" content=\"2024-05-23T11:31:10+00:00\" \/>\n<meta property=\"og:image\" content=\"https:\/\/www.osadanawyspie.pl\/wp-content\/uploads\/2022\/11\/IMG_20220603_142519-768x1024.jpg\" \/>\n<meta name=\"twitter:card\" content=\"summary_large_image\" \/>\n<meta name=\"twitter:label1\" content=\"Szacowany czas czytania\" \/>\n\t<meta name=\"twitter:data1\" content=\"2 minuty\" \/>\n<script type=\"application\/ld+json\" class=\"yoast-schema-graph\">{\"@context\":\"https:\/\/schema.org\",\"@graph\":[{\"@type\":\"WebPage\",\"@id\":\"https:\/\/www.osadanawyspie.pl\/index.php\/domek-niebieski-1\/\",\"url\":\"https:\/\/www.osadanawyspie.pl\/index.php\/domek-niebieski-1\/\",\"name\":\"Domek niebieski - Osada na Wyspie\",\"isPartOf\":{\"@id\":\"https:\/\/www.osadanawyspie.pl\/#website\"},\"datePublished\":\"2019-07-24T07:50:46+00:00\",\"dateModified\":\"2024-05-23T11:31:10+00:00\",\"description\":\"Domki letniskowe na wynajem nad morzem na Wyspie Sobieszewskiej. Odkryj, jak trafi\u0107 w najlepsze miejsce na rodzinny wypoczynek. Zadzwo\u0144 +48600781919\",\"breadcrumb\":{\"@id\":\"https:\/\/www.osadanawyspie.pl\/index.php\/domek-niebieski-1\/#breadcrumb\"},\"inLanguage\":\"pl-PL\",\"potentialAction\":[{\"@type\":\"ReadAction\",\"target\":[\"https:\/\/www.osadanawyspie.pl\/index.php\/domek-niebieski-1\/\"]}]},{\"@type\":\"BreadcrumbList\",\"@id\":\"https:\/\/www.osadanawyspie.pl\/index.php\/domek-niebieski-1\/#breadcrumb\",\"itemListElement\":[{\"@type\":\"ListItem\",\"position\":1,\"name\":\"Strona g\u0142\u00f3wna\",\"item\":\"https:\/\/www.osadanawyspie.pl\/\"},{\"@type\":\"ListItem\",\"position\":2,\"name\":\"Domek niebieski\"}]},{\"@type\":\"WebSite\",\"@id\":\"https:\/\/www.osadanawyspie.pl\/#website\",\"url\":\"https:\/\/www.osadanawyspie.pl\/\",\"name\":\"Osada na Wyspie\",\"description\":\"Domki letniskowe na wynajem nad morzem na Wyspie Sobieszewskiej. Odkryj, jak trafi\u0107 w najlepsze miejsce na rodzinny wypoczynek. Zadzwo\u0144 +48600781919\",\"publisher\":{\"@id\":\"https:\/\/www.osadanawyspie.pl\/#organization\"},\"potentialAction\":[{\"@type\":\"SearchAction\",\"target\":{\"@type\":\"EntryPoint\",\"urlTemplate\":\"https:\/\/www.osadanawyspie.pl\/?s={search_term_string}\"},\"query-input\":\"required name=search_term_string\"}],\"inLanguage\":\"pl-PL\"},{\"@type\":\"Organization\",\"@id\":\"https:\/\/www.osadanawyspie.pl\/#organization\",\"name\":\"Osada na Wyspie\",\"url\":\"https:\/\/www.osadanawyspie.pl\/\",\"logo\":{\"@type\":\"ImageObject\",\"inLanguage\":\"pl-PL\",\"@id\":\"https:\/\/www.osadanawyspie.pl\/#\/schema\/logo\/image\/\",\"url\":\"https:\/\/www.osadanawyspie.pl\/wp-content\/uploads\/2020\/05\/cropped-osada.png\",\"contentUrl\":\"https:\/\/www.osadanawyspie.pl\/wp-content\/uploads\/2020\/05\/cropped-osada.png\",\"width\":800,\"height\":213,\"caption\":\"Osada na Wyspie\"},\"image\":{\"@id\":\"https:\/\/www.osadanawyspie.pl\/#\/schema\/logo\/image\/\"},\"sameAs\":[\"https:\/\/www.facebook.com\/OsadaNaWyspie\"]}]}<\/script>\n<!-- \/ Yoast SEO plugin. -->","yoast_head_json":{"title":"Domek niebieski - Osada na Wyspie","description":"Domki letniskowe na wynajem nad morzem na Wyspie Sobieszewskiej. Odkryj, jak trafi\u0107 w najlepsze miejsce na rodzinny wypoczynek. Zadzwo\u0144 +48600781919","robots":{"index":"index","follow":"follow","max-snippet":"max-snippet:-1","max-image-preview":"max-image-preview:large","max-video-preview":"max-video-preview:-1"},"canonical":"https:\/\/www.osadanawyspie.pl\/index.php\/domek-niebieski-1\/","og_locale":"pl_PL","og_type":"article","og_title":"Domek niebieski - Osada na Wyspie","og_description":"Domki letniskowe na wynajem nad morzem na Wyspie Sobieszewskiej. Odkryj, jak trafi\u0107 w najlepsze miejsce na rodzinny wypoczynek. Zadzwo\u0144 +48600781919","og_url":"https:\/\/www.osadanawyspie.pl\/index.php\/domek-niebieski-1\/","og_site_name":"Osada na Wyspie","article_publisher":"https:\/\/www.facebook.com\/OsadaNaWyspie","article_modified_time":"2024-05-23T11:31:10+00:00","og_image":[{"url":"https:\/\/www.osadanawyspie.pl\/wp-content\/uploads\/2022\/11\/IMG_20220603_142519-768x1024.jpg"}],"twitter_card":"summary_large_image","twitter_misc":{"Szacowany czas czytania":"2 minuty"},"schema":{"@context":"https:\/\/schema.org","@graph":[{"@type":"WebPage","@id":"https:\/\/www.osadanawyspie.pl\/index.php\/domek-niebieski-1\/","url":"https:\/\/www.osadanawyspie.pl\/index.php\/domek-niebieski-1\/","name":"Domek niebieski - Osada na Wyspie","isPartOf":{"@id":"https:\/\/www.osadanawyspie.pl\/#website"},"datePublished":"2019-07-24T07:50:46+00:00","dateModified":"2024-05-23T11:31:10+00:00","description":"Domki letniskowe na wynajem nad morzem na Wyspie Sobieszewskiej. Odkryj, jak trafi\u0107 w najlepsze miejsce na rodzinny wypoczynek. Zadzwo\u0144 +48600781919","breadcrumb":{"@id":"https:\/\/www.osadanawyspie.pl\/index.php\/domek-niebieski-1\/#breadcrumb"},"inLanguage":"pl-PL","potentialAction":[{"@type":"ReadAction","target":["https:\/\/www.osadanawyspie.pl\/index.php\/domek-niebieski-1\/"]}]},{"@type":"BreadcrumbList","@id":"https:\/\/www.osadanawyspie.pl\/index.php\/domek-niebieski-1\/#breadcrumb","itemListElement":[{"@type":"ListItem","position":1,"name":"Strona g\u0142\u00f3wna","item":"https:\/\/www.osadanawyspie.pl\/"},{"@type":"ListItem","position":2,"name":"Domek niebieski"}]},{"@type":"WebSite","@id":"https:\/\/www.osadanawyspie.pl\/#website","url":"https:\/\/www.osadanawyspie.pl\/","name":"Osada na Wyspie","description":"Domki letniskowe na wynajem nad morzem na Wyspie Sobieszewskiej. Odkryj, jak trafi\u0107 w najlepsze miejsce na rodzinny wypoczynek. Zadzwo\u0144 +48600781919","publisher":{"@id":"https:\/\/www.osadanawyspie.pl\/#organization"},"potentialAction":[{"@type":"SearchAction","target":{"@type":"EntryPoint","urlTemplate":"https:\/\/www.osadanawyspie.pl\/?s={search_term_string}"},"query-input":"required name=search_term_string"}],"inLanguage":"pl-PL"},{"@type":"Organization","@id":"https:\/\/www.osadanawyspie.pl\/#organization","name":"Osada na Wyspie","url":"https:\/\/www.osadanawyspie.pl\/","logo":{"@type":"ImageObject","inLanguage":"pl-PL","@id":"https:\/\/www.osadanawyspie.pl\/#\/schema\/logo\/image\/","url":"https:\/\/www.osadanawyspie.pl\/wp-content\/uploads\/2020\/05\/cropped-osada.png","contentUrl":"https:\/\/www.osadanawyspie.pl\/wp-content\/uploads\/2020\/05\/cropped-osada.png","width":800,"height":213,"caption":"Osada na Wyspie"},"image":{"@id":"https:\/\/www.osadanawyspie.pl\/#\/schema\/logo\/image\/"},"sameAs":["https:\/\/www.facebook.com\/OsadaNaWyspie"]}]}},"_links":{"self":[{"href":"https:\/\/www.osadanawyspie.pl\/index.php\/wp-json\/wp\/v2\/pages\/214"}],"collection":[{"href":"https:\/\/www.osadanawyspie.pl\/index.php\/wp-json\/wp\/v2\/pages"}],"about":[{"href":"https:\/\/www.osadanawyspie.pl\/index.php\/wp-json\/wp\/v2\/types\/page"}],"author":[{"embeddable":true,"href":"https:\/\/www.osadanawyspie.pl\/index.php\/wp-json\/wp\/v2\/users\/1"}],"replies":[{"embeddable":true,"href":"https:\/\/www.osadanawyspie.pl\/index.php\/wp-json\/wp\/v2\/comments?post=214"}],"version-history":[{"count":48,"href":"https:\/\/www.osadanawyspie.pl\/index.php\/wp-json\/wp\/v2\/pages\/214\/revisions"}],"predecessor-version":[{"id":1178,"href":"https:\/\/www.osadanawyspie.pl\/index.php\/wp-json\/wp\/v2\/pages\/214\/revisions\/1178"}],"wp:attachment":[{"href":"https:\/\/www.osadanawyspie.pl\/index.php\/wp-json\/wp\/v2\/media?parent=214"}],"curies":[{"name":"wp","href":"https:\/\/api.w.org\/{rel}","templated":true}]}}