{"id":216,"date":"2019-07-24T07:54:08","date_gmt":"2019-07-24T07:54:08","guid":{"rendered":"https:\/\/demo.themeisle.com\/neve-vacation-rental\/?page_id=11"},"modified":"2025-10-31T13:43:16","modified_gmt":"2025-10-31T12:43:16","slug":"kontakt","status":"publish","type":"page","link":"https:\/\/www.osadanawyspie.pl\/index.php\/kontakt\/","title":{"rendered":"Kontakt"},"content":{"rendered":"\t\t<div data-elementor-type=\"wp-post\" data-elementor-id=\"216\" class=\"elementor elementor-216\">\n\t\t\t\t\t\t<div class=\"elementor-inner\">\n\t\t\t\t<div class=\"elementor-section-wrap\">\n\t\t\t\t\t\t\t\t\t<section class=\"elementor-section elementor-top-section elementor-element elementor-element-0d71a91 elementor-section-boxed elementor-section-height-default elementor-section-height-default\" data-id=\"0d71a91\" data-element_type=\"section\" data-settings=\"{&quot;background_background&quot;:&quot;classic&quot;}\">\n\t\t\t\t\t\t<div class=\"elementor-container elementor-column-gap-default\">\n\t\t\t\t\t\t\t<div class=\"elementor-row\">\n\t\t\t\t\t<div class=\"elementor-column elementor-col-100 elementor-top-column elementor-element elementor-element-532d015\" data-id=\"532d015\" data-element_type=\"column\">\n\t\t\t<div class=\"elementor-column-wrap elementor-element-populated\">\n\t\t\t\t\t\t\t<div class=\"elementor-widget-wrap\">\n\t\t\t\t\t\t<section class=\"elementor-section elementor-inner-section elementor-element elementor-element-930103f elementor-section-boxed elementor-section-height-default elementor-section-height-default\" data-id=\"930103f\" data-element_type=\"section\">\n\t\t\t\t\t\t<div class=\"elementor-container elementor-column-gap-default\">\n\t\t\t\t\t\t\t<div class=\"elementor-row\">\n\t\t\t\t\t<div class=\"elementor-column elementor-col-100 elementor-inner-column elementor-element elementor-element-76391a7\" data-id=\"76391a7\" data-element_type=\"column\">\n\t\t\t<div class=\"elementor-column-wrap\">\n\t\t\t\t\t\t\t<div class=\"elementor-widget-wrap\">\n\t\t\t\t\t\t\t\t<\/div>\n\t\t\t\t\t<\/div>\n\t\t<\/div>\n\t\t\t\t\t\t\t\t<\/div>\n\t\t\t\t\t<\/div>\n\t\t<\/section>\n\t\t\t\t<section class=\"elementor-section elementor-inner-section elementor-element elementor-element-cd932f2 elementor-section-boxed elementor-section-height-default elementor-section-height-default\" data-id=\"cd932f2\" data-element_type=\"section\">\n\t\t\t\t\t\t<div class=\"elementor-container elementor-column-gap-default\">\n\t\t\t\t\t\t\t<div class=\"elementor-row\">\n\t\t\t\t\t<div class=\"elementor-column elementor-col-50 elementor-inner-column elementor-element elementor-element-35e7155\" data-id=\"35e7155\" data-element_type=\"column\">\n\t\t\t<div class=\"elementor-column-wrap elementor-element-populated\">\n\t\t\t\t\t\t\t<div class=\"elementor-widget-wrap\">\n\t\t\t\t\t\t<div class=\"elementor-element elementor-element-23e7f9c elementor-widget elementor-widget-image\" data-id=\"23e7f9c\" data-element_type=\"widget\" data-widget_type=\"image.default\">\n\t\t\t\t<div class=\"elementor-widget-container\">\n\t\t\t\t\t\t\t\t<div class=\"elementor-image\">\n\t\t\t\t\t\t\t\t\t\t\t\t<img width=\"228\" height=\"300\" src=\"https:\/\/www.osadanawyspie.pl\/wp-content\/uploads\/2022\/12\/Aneta-228x300.jpg\" class=\"attachment-medium size-medium wp-image-689\" alt=\"Aneta, zapraszam do kontaktu!\" loading=\"lazy\" srcset=\"https:\/\/www.osadanawyspie.pl\/wp-content\/uploads\/2022\/12\/Aneta-228x300.jpg 228w, https:\/\/www.osadanawyspie.pl\/wp-content\/uploads\/2022\/12\/Aneta-778x1024.jpg 778w, https:\/\/www.osadanawyspie.pl\/wp-content\/uploads\/2022\/12\/Aneta-768x1011.jpg 768w, https:\/\/www.osadanawyspie.pl\/wp-content\/uploads\/2022\/12\/Aneta-1167x1536.jpg 1167w, https:\/\/www.osadanawyspie.pl\/wp-content\/uploads\/2022\/12\/Aneta-1556x2048.jpg 1556w, https:\/\/www.osadanawyspie.pl\/wp-content\/uploads\/2022\/12\/Aneta-scaled.jpg 1945w\" sizes=\"(max-width: 228px) 100vw, 228px\" \/>\t\t\t\t\t\t\t\t\t\t\t\t\t\t<\/div>\n\t\t\t\t\t\t<\/div>\n\t\t\t\t<\/div>\n\t\t\t\t<div class=\"elementor-element elementor-element-6d2e146 elementor-widget elementor-widget-heading\" data-id=\"6d2e146\" data-element_type=\"widget\" data-widget_type=\"heading.default\">\n\t\t\t\t<div class=\"elementor-widget-container\">\n\t\t\t<h2 class=\"elementor-heading-title elementor-size-xl\">Cze\u015b\u0107, jestem Aneta.<br>Masz pytania? Skontaktuj si\u0119<\/h2>\t\t<\/div>\n\t\t\t\t<\/div>\n\t\t\t\t<div class=\"elementor-element elementor-element-2e692a3 elementor-widget elementor-widget-heading\" data-id=\"2e692a3\" data-element_type=\"widget\" data-widget_type=\"heading.default\">\n\t\t\t\t<div class=\"elementor-widget-container\">\n\t\t\t<h3 class=\"elementor-heading-title elementor-size-default\">Telefon<\/h3>\t\t<\/div>\n\t\t\t\t<\/div>\n\t\t\t\t<div class=\"elementor-element elementor-element-4d205f3 elementor-position-left elementor-view-default elementor-mobile-position-top elementor-vertical-align-top elementor-widget elementor-widget-icon-box\" data-id=\"4d205f3\" data-element_type=\"widget\" data-widget_type=\"icon-box.default\">\n\t\t\t\t<div class=\"elementor-widget-container\">\n\t\t\t\t\t<div class=\"elementor-icon-box-wrapper\">\n\t\t\t\t\t\t<div class=\"elementor-icon-box-icon\">\n\t\t\t\t<span class=\"elementor-icon elementor-animation-\" >\n\t\t\t\t<i aria-hidden=\"true\" class=\"fas fa-phone-alt\"><\/i>\t\t\t\t<\/span>\n\t\t\t<\/div>\n\t\t\t\t\t\t<div class=\"elementor-icon-box-content\">\n\t\t\t\t<h3 class=\"elementor-icon-box-title\">\n\t\t\t\t\t<span  >\n\t\t\t\t\t\t\t\t\t\t\t<\/span>\n\t\t\t\t<\/h3>\n\t\t\t\t\t\t\t\t\t<p class=\"elementor-icon-box-description\">\n\t\t\t\t\t\t +48 600781919 \n\t\t\t\t\t<\/p>\n\t\t\t\t\t\t\t<\/div>\n\t\t<\/div>\n\t\t\t\t<\/div>\n\t\t\t\t<\/div>\n\t\t\t\t<div class=\"elementor-element elementor-element-b90f72e elementor-widget elementor-widget-heading\" data-id=\"b90f72e\" data-element_type=\"widget\" data-widget_type=\"heading.default\">\n\t\t\t\t<div class=\"elementor-widget-container\">\n\t\t\t<h3 class=\"elementor-heading-title elementor-size-default\">Email<\/h3>\t\t<\/div>\n\t\t\t\t<\/div>\n\t\t\t\t<div class=\"elementor-element elementor-element-12dc85a elementor-position-left elementor-view-default elementor-mobile-position-top elementor-vertical-align-top elementor-widget elementor-widget-icon-box\" data-id=\"12dc85a\" data-element_type=\"widget\" data-widget_type=\"icon-box.default\">\n\t\t\t\t<div class=\"elementor-widget-container\">\n\t\t\t\t\t<div class=\"elementor-icon-box-wrapper\">\n\t\t\t\t\t\t<div class=\"elementor-icon-box-icon\">\n\t\t\t\t<span class=\"elementor-icon elementor-animation-\" >\n\t\t\t\t<i aria-hidden=\"true\" class=\"fas fa-mail-bulk\"><\/i>\t\t\t\t<\/span>\n\t\t\t<\/div>\n\t\t\t\t\t\t<div class=\"elementor-icon-box-content\">\n\t\t\t\t<h3 class=\"elementor-icon-box-title\">\n\t\t\t\t\t<span  >\n\t\t\t\t\t\t\t\t\t\t\t<\/span>\n\t\t\t\t<\/h3>\n\t\t\t\t\t\t\t\t\t<p class=\"elementor-icon-box-description\">\n\t\t\t\t\t\trezerwacje@osadanawyspie.pl\t\t\t\t\t<\/p>\n\t\t\t\t\t\t\t<\/div>\n\t\t<\/div>\n\t\t\t\t<\/div>\n\t\t\t\t<\/div>\n\t\t\t\t<div class=\"elementor-element elementor-element-3c42a18 elementor-shape-rounded elementor-grid-0 e-grid-align-center elementor-widget elementor-widget-social-icons\" data-id=\"3c42a18\" data-element_type=\"widget\" data-widget_type=\"social-icons.default\">\n\t\t\t\t<div class=\"elementor-widget-container\">\n\t\t\t\t\t<div class=\"elementor-social-icons-wrapper elementor-grid\">\n\t\t\t\t\t\t\t<span class=\"elementor-grid-item\">\n\t\t\t\t\t<a class=\"elementor-icon elementor-social-icon elementor-social-icon-facebook elementor-repeater-item-361c446\" href=\"https:\/\/www.facebook.com\/OsadaNaWyspie\" target=\"_blank\">\n\t\t\t\t\t\t<span class=\"elementor-screen-only\">Facebook<\/span>\n\t\t\t\t\t\t<i class=\"fab fa-facebook\"><\/i>\t\t\t\t\t<\/a>\n\t\t\t\t<\/span>\n\t\t\t\t\t<\/div>\n\t\t\t\t<\/div>\n\t\t\t\t<\/div>\n\t\t\t\t<div class=\"elementor-element elementor-element-63495a6 elementor-widget elementor-widget-heading\" data-id=\"63495a6\" data-element_type=\"widget\" data-widget_type=\"heading.default\">\n\t\t\t\t<div class=\"elementor-widget-container\">\n\t\t\t<h2 class=\"elementor-heading-title elementor-size-large\">Jak nas znale\u017a\u0107<\/h2>\t\t<\/div>\n\t\t\t\t<\/div>\n\t\t\t\t<div class=\"elementor-element elementor-element-6b85611 elementor-position-left elementor-view-default elementor-mobile-position-top elementor-vertical-align-top elementor-widget elementor-widget-icon-box\" data-id=\"6b85611\" data-element_type=\"widget\" data-widget_type=\"icon-box.default\">\n\t\t\t\t<div class=\"elementor-widget-container\">\n\t\t\t\t\t<div class=\"elementor-icon-box-wrapper\">\n\t\t\t\t\t\t<div class=\"elementor-icon-box-icon\">\n\t\t\t\t<span class=\"elementor-icon elementor-animation-\" >\n\t\t\t\t<i aria-hidden=\"true\" class=\"fas fa-map-marker-alt\"><\/i>\t\t\t\t<\/span>\n\t\t\t<\/div>\n\t\t\t\t\t\t<div class=\"elementor-icon-box-content\">\n\t\t\t\t<h3 class=\"elementor-icon-box-title\">\n\t\t\t\t\t<span  >\n\t\t\t\t\t\tMieczys\u0142awa Boguckiego 77\t\t\t\t\t<\/span>\n\t\t\t\t<\/h3>\n\t\t\t\t\t\t\t\t\t<p class=\"elementor-icon-box-description\">\n\t\t\t\t\t\tSobieszewo, 80-690 Gda\u0144sk\t\t\t\t\t<\/p>\n\t\t\t\t\t\t\t<\/div>\n\t\t<\/div>\n\t\t\t\t<\/div>\n\t\t\t\t<\/div>\n\t\t\t\t<div class=\"elementor-element elementor-element-8290f02 elementor-widget elementor-widget-google_maps\" data-id=\"8290f02\" data-element_type=\"widget\" data-widget_type=\"google_maps.default\">\n\t\t\t\t<div class=\"elementor-widget-container\">\n\t\t\t\t\t<div class=\"elementor-custom-embed\">\n\t\t\t<iframe loading=\"lazy\"\n\t\t\t\t\tsrc=\"https:\/\/maps.google.com\/maps?q=Osada%20na%20Wyspie&#038;t=m&#038;z=10&#038;output=embed&#038;iwloc=near\"\n\t\t\t\t\ttitle=\"Osada na Wyspie\"\n\t\t\t\t\taria-label=\"Osada na Wyspie\"\n\t\t\t><\/iframe>\n\t\t<\/div>\n\t\t\t\t<\/div>\n\t\t\t\t<\/div>\n\t\t\t\t\t\t<\/div>\n\t\t\t\t\t<\/div>\n\t\t<\/div>\n\t\t\t\t<div class=\"elementor-column elementor-col-50 elementor-inner-column elementor-element elementor-element-a9298f8\" data-id=\"a9298f8\" data-element_type=\"column\" data-settings=\"{&quot;background_background&quot;:&quot;classic&quot;}\">\n\t\t\t<div class=\"elementor-column-wrap elementor-element-populated\">\n\t\t\t\t\t\t\t<div class=\"elementor-widget-wrap\">\n\t\t\t\t\t\t<div class=\"elementor-element elementor-element-b261bfb elementor-widget elementor-widget-heading\" data-id=\"b261bfb\" data-element_type=\"widget\" data-widget_type=\"heading.default\">\n\t\t\t\t<div class=\"elementor-widget-container\">\n\t\t\t<h2 class=\"elementor-heading-title elementor-size-default\">Wy\u015blij wiadomo\u015b\u0107<\/h2>\t\t<\/div>\n\t\t\t\t<\/div>\n\t\t\t\t<div class=\"elementor-element elementor-element-19fa328 elementor-widget elementor-widget-content_form_contact\" data-id=\"19fa328\" data-element_type=\"widget\" data-widget_type=\"content_form_contact.default\">\n\t\t\t\t<div class=\"elementor-widget-container\">\n\t\t\t<form action=\"https:\/\/www.osadanawyspie.pl\/wp-admin\/admin-post.php\" method=\"post\" name=\"content-form-19fa328\" id=\"content-form-19fa328\" class=\"ti-cf-module content-form content-form-contact content_form_contact\"><input type=\"hidden\" id=\"_wpnonce_contact\" name=\"_wpnonce_contact\" value=\"c1a039b46c\" \/><input type=\"hidden\" name=\"_wp_http_referer\" value=\"\/index.php\/wp-json\/wp\/v2\/pages\/216\" \/><input type=\"hidden\" name=\"action\" value=\"content_form_submit\" \/><input type=\"hidden\" name=\"form-type\" value=\"contact\" \/><input type=\"hidden\" name=\"form-builder\" value=\"elementor\" \/><input type=\"hidden\" name=\"post-id\" value=\"216\" \/><input type=\"hidden\" name=\"form-id\" value=\"19fa328\" \/><fieldset class=\"content-form-field-text elementor-column elementor-col-100\"><label for=\"data[19fa328][name]\" >Imi\u0119<span class=\"required-mark\"> *<\/span><\/label><input type=\"text\" name=\"data[19fa328][name]\" id=\"data[19fa328][name]\" required=\"required\"  placeholder=\"Twoje imi\u0119\"><\/fieldset><fieldset class=\"content-form-field-email elementor-column elementor-col-100\"><label for=\"data[19fa328][email]\" >E-mail<span class=\"required-mark\"> *<\/span><\/label><input type=\"text\" name=\"data[19fa328][email]\" id=\"data[19fa328][email]\" required=\"required\"  placeholder=\"Adres e-mail \"><\/fieldset><fieldset class=\"content-form-field-textarea elementor-column elementor-col-100\"><label for=\"data[19fa328][message]\" >Wiadomo\u015b\u0107<span class=\"required-mark\"> *<\/span><\/label><textarea name=\"data[19fa328][message]\" id=\"data[19fa328][message]\"  required=\"required\" placeholder=\"Tre\u015b\u0107 wiadomo\u015bci\" cols=\"30\" rows=\"5\"><\/textarea><\/fieldset><fieldset class=\"submit-form contact\"><button type=\"submit\" name=\"submit\"  value=\"submit-contact-19fa328\" class=\"\">Wy\u015blij<\/button><\/fieldset><\/form>\t\t<\/div>\n\t\t\t\t<\/div>\n\t\t\t\t\t\t<\/div>\n\t\t\t\t\t<\/div>\n\t\t<\/div>\n\t\t\t\t\t\t\t\t<\/div>\n\t\t\t\t\t<\/div>\n\t\t<\/section>\n\t\t\t\t\t\t<\/div>\n\t\t\t\t\t<\/div>\n\t\t<\/div>\n\t\t\t\t\t\t\t\t<\/div>\n\t\t\t\t\t<\/div>\n\t\t<\/section>\n\t\t\t\t\t\t\t\t\t<\/div>\n\t\t\t<\/div>\n\t\t\t\t\t<\/div>\n\t\t","protected":false},"excerpt":{"rendered":"<p>Cze\u015b\u0107, jestem Aneta.Masz pytania? Skontaktuj si\u0119 Telefon +48 600781919 Email rezerwacje@osadanawyspie.pl Facebook Jak nas znale\u017a\u0107 Mieczys\u0142awa Boguckiego 77 Sobieszewo, 80-690 Gda\u0144sk Wy\u015blij wiadomo\u015b\u0107 Imi\u0119 * E-mail * Wiadomo\u015b\u0107 * Wy\u015blij<\/p>\n","protected":false},"author":1,"featured_media":0,"parent":0,"menu_order":0,"comment_status":"closed","ping_status":"closed","template":"page-templates\/template-pagebuilder-full-width.php","meta":{"neve_meta_sidebar":"","neve_meta_container":"","neve_meta_enable_content_width":"","neve_meta_content_width":70,"neve_meta_title_alignment":"","neve_meta_author_avatar":"","neve_post_elements_order":"","neve_meta_disable_header":"","neve_meta_disable_footer":"","neve_meta_disable_title":"","_themeisle_gutenberg_block_has_review":false},"yoast_head":"<!-- This site is optimized with the Yoast SEO plugin v19.11 - https:\/\/yoast.com\/wordpress\/plugins\/seo\/ -->\n<title>Kontakt - Osada na Wyspie<\/title>\n<meta name=\"description\" content=\"Domki letniskowe na wynajem nad morzem na Wyspie Sobieszewskiej. Odkryj, jak trafi\u0107 w najlepsze miejsce na rodzinny wypoczynek. Zadzwo\u0144 +48600781919\" \/>\n<meta name=\"robots\" content=\"index, follow, max-snippet:-1, max-image-preview:large, max-video-preview:-1\" \/>\n<link rel=\"canonical\" href=\"https:\/\/www.osadanawyspie.pl\/index.php\/kontakt\/\" \/>\n<meta property=\"og:locale\" content=\"pl_PL\" \/>\n<meta property=\"og:type\" content=\"article\" \/>\n<meta property=\"og:title\" content=\"Kontakt - Osada na Wyspie\" \/>\n<meta property=\"og:description\" content=\"Domki letniskowe na wynajem nad morzem na Wyspie Sobieszewskiej. Odkryj, jak trafi\u0107 w najlepsze miejsce na rodzinny wypoczynek. Zadzwo\u0144 +48600781919\" \/>\n<meta property=\"og:url\" content=\"https:\/\/www.osadanawyspie.pl\/index.php\/kontakt\/\" \/>\n<meta property=\"og:site_name\" content=\"Osada na Wyspie\" \/>\n<meta property=\"article:publisher\" content=\"https:\/\/www.facebook.com\/OsadaNaWyspie\" \/>\n<meta property=\"article:modified_time\" content=\"2025-10-31T12:43:16+00:00\" \/>\n<meta property=\"og:image\" content=\"https:\/\/www.osadanawyspie.pl\/wp-content\/uploads\/2022\/12\/Aneta-228x300.jpg\" \/>\n<meta name=\"twitter:card\" content=\"summary_large_image\" \/>\n<meta name=\"twitter:label1\" content=\"Szacowany czas czytania\" \/>\n\t<meta name=\"twitter:data1\" content=\"1 minuta\" \/>\n<script type=\"application\/ld+json\" class=\"yoast-schema-graph\">{\"@context\":\"https:\/\/schema.org\",\"@graph\":[{\"@type\":\"WebPage\",\"@id\":\"https:\/\/www.osadanawyspie.pl\/index.php\/kontakt\/\",\"url\":\"https:\/\/www.osadanawyspie.pl\/index.php\/kontakt\/\",\"name\":\"Kontakt - Osada na Wyspie\",\"isPartOf\":{\"@id\":\"https:\/\/www.osadanawyspie.pl\/#website\"},\"datePublished\":\"2019-07-24T07:54:08+00:00\",\"dateModified\":\"2025-10-31T12:43:16+00:00\",\"description\":\"Domki letniskowe na wynajem nad morzem na Wyspie Sobieszewskiej. Odkryj, jak trafi\u0107 w najlepsze miejsce na rodzinny wypoczynek. Zadzwo\u0144 +48600781919\",\"breadcrumb\":{\"@id\":\"https:\/\/www.osadanawyspie.pl\/index.php\/kontakt\/#breadcrumb\"},\"inLanguage\":\"pl-PL\",\"potentialAction\":[{\"@type\":\"ReadAction\",\"target\":[\"https:\/\/www.osadanawyspie.pl\/index.php\/kontakt\/\"]}]},{\"@type\":\"BreadcrumbList\",\"@id\":\"https:\/\/www.osadanawyspie.pl\/index.php\/kontakt\/#breadcrumb\",\"itemListElement\":[{\"@type\":\"ListItem\",\"position\":1,\"name\":\"Strona g\u0142\u00f3wna\",\"item\":\"https:\/\/www.osadanawyspie.pl\/\"},{\"@type\":\"ListItem\",\"position\":2,\"name\":\"Kontakt\"}]},{\"@type\":\"WebSite\",\"@id\":\"https:\/\/www.osadanawyspie.pl\/#website\",\"url\":\"https:\/\/www.osadanawyspie.pl\/\",\"name\":\"Osada na Wyspie\",\"description\":\"Domki letniskowe na wynajem nad morzem na Wyspie Sobieszewskiej. Odkryj, jak trafi\u0107 w najlepsze miejsce na rodzinny wypoczynek. Zadzwo\u0144 +48600781919\",\"publisher\":{\"@id\":\"https:\/\/www.osadanawyspie.pl\/#organization\"},\"potentialAction\":[{\"@type\":\"SearchAction\",\"target\":{\"@type\":\"EntryPoint\",\"urlTemplate\":\"https:\/\/www.osadanawyspie.pl\/?s={search_term_string}\"},\"query-input\":\"required name=search_term_string\"}],\"inLanguage\":\"pl-PL\"},{\"@type\":\"Organization\",\"@id\":\"https:\/\/www.osadanawyspie.pl\/#organization\",\"name\":\"Osada na Wyspie\",\"url\":\"https:\/\/www.osadanawyspie.pl\/\",\"logo\":{\"@type\":\"ImageObject\",\"inLanguage\":\"pl-PL\",\"@id\":\"https:\/\/www.osadanawyspie.pl\/#\/schema\/logo\/image\/\",\"url\":\"https:\/\/www.osadanawyspie.pl\/wp-content\/uploads\/2020\/05\/cropped-osada.png\",\"contentUrl\":\"https:\/\/www.osadanawyspie.pl\/wp-content\/uploads\/2020\/05\/cropped-osada.png\",\"width\":800,\"height\":213,\"caption\":\"Osada na Wyspie\"},\"image\":{\"@id\":\"https:\/\/www.osadanawyspie.pl\/#\/schema\/logo\/image\/\"},\"sameAs\":[\"https:\/\/www.facebook.com\/OsadaNaWyspie\"]}]}<\/script>\n<!-- \/ Yoast SEO plugin. -->","yoast_head_json":{"title":"Kontakt - Osada na Wyspie","description":"Domki letniskowe na wynajem nad morzem na Wyspie Sobieszewskiej. Odkryj, jak trafi\u0107 w najlepsze miejsce na rodzinny wypoczynek. Zadzwo\u0144 +48600781919","robots":{"index":"index","follow":"follow","max-snippet":"max-snippet:-1","max-image-preview":"max-image-preview:large","max-video-preview":"max-video-preview:-1"},"canonical":"https:\/\/www.osadanawyspie.pl\/index.php\/kontakt\/","og_locale":"pl_PL","og_type":"article","og_title":"Kontakt - Osada na Wyspie","og_description":"Domki letniskowe na wynajem nad morzem na Wyspie Sobieszewskiej. Odkryj, jak trafi\u0107 w najlepsze miejsce na rodzinny wypoczynek. Zadzwo\u0144 +48600781919","og_url":"https:\/\/www.osadanawyspie.pl\/index.php\/kontakt\/","og_site_name":"Osada na Wyspie","article_publisher":"https:\/\/www.facebook.com\/OsadaNaWyspie","article_modified_time":"2025-10-31T12:43:16+00:00","og_image":[{"url":"https:\/\/www.osadanawyspie.pl\/wp-content\/uploads\/2022\/12\/Aneta-228x300.jpg"}],"twitter_card":"summary_large_image","twitter_misc":{"Szacowany czas czytania":"1 minuta"},"schema":{"@context":"https:\/\/schema.org","@graph":[{"@type":"WebPage","@id":"https:\/\/www.osadanawyspie.pl\/index.php\/kontakt\/","url":"https:\/\/www.osadanawyspie.pl\/index.php\/kontakt\/","name":"Kontakt - Osada na Wyspie","isPartOf":{"@id":"https:\/\/www.osadanawyspie.pl\/#website"},"datePublished":"2019-07-24T07:54:08+00:00","dateModified":"2025-10-31T12:43:16+00:00","description":"Domki letniskowe na wynajem nad morzem na Wyspie Sobieszewskiej. Odkryj, jak trafi\u0107 w najlepsze miejsce na rodzinny wypoczynek. Zadzwo\u0144 +48600781919","breadcrumb":{"@id":"https:\/\/www.osadanawyspie.pl\/index.php\/kontakt\/#breadcrumb"},"inLanguage":"pl-PL","potentialAction":[{"@type":"ReadAction","target":["https:\/\/www.osadanawyspie.pl\/index.php\/kontakt\/"]}]},{"@type":"BreadcrumbList","@id":"https:\/\/www.osadanawyspie.pl\/index.php\/kontakt\/#breadcrumb","itemListElement":[{"@type":"ListItem","position":1,"name":"Strona g\u0142\u00f3wna","item":"https:\/\/www.osadanawyspie.pl\/"},{"@type":"ListItem","position":2,"name":"Kontakt"}]},{"@type":"WebSite","@id":"https:\/\/www.osadanawyspie.pl\/#website","url":"https:\/\/www.osadanawyspie.pl\/","name":"Osada na Wyspie","description":"Domki letniskowe na wynajem nad morzem na Wyspie Sobieszewskiej. Odkryj, jak trafi\u0107 w najlepsze miejsce na rodzinny wypoczynek. Zadzwo\u0144 +48600781919","publisher":{"@id":"https:\/\/www.osadanawyspie.pl\/#organization"},"potentialAction":[{"@type":"SearchAction","target":{"@type":"EntryPoint","urlTemplate":"https:\/\/www.osadanawyspie.pl\/?s={search_term_string}"},"query-input":"required name=search_term_string"}],"inLanguage":"pl-PL"},{"@type":"Organization","@id":"https:\/\/www.osadanawyspie.pl\/#organization","name":"Osada na Wyspie","url":"https:\/\/www.osadanawyspie.pl\/","logo":{"@type":"ImageObject","inLanguage":"pl-PL","@id":"https:\/\/www.osadanawyspie.pl\/#\/schema\/logo\/image\/","url":"https:\/\/www.osadanawyspie.pl\/wp-content\/uploads\/2020\/05\/cropped-osada.png","contentUrl":"https:\/\/www.osadanawyspie.pl\/wp-content\/uploads\/2020\/05\/cropped-osada.png","width":800,"height":213,"caption":"Osada na Wyspie"},"image":{"@id":"https:\/\/www.osadanawyspie.pl\/#\/schema\/logo\/image\/"},"sameAs":["https:\/\/www.facebook.com\/OsadaNaWyspie"]}]}},"_links":{"self":[{"href":"https:\/\/www.osadanawyspie.pl\/index.php\/wp-json\/wp\/v2\/pages\/216"}],"collection":[{"href":"https:\/\/www.osadanawyspie.pl\/index.php\/wp-json\/wp\/v2\/pages"}],"about":[{"href":"https:\/\/www.osadanawyspie.pl\/index.php\/wp-json\/wp\/v2\/types\/page"}],"author":[{"embeddable":true,"href":"https:\/\/www.osadanawyspie.pl\/index.php\/wp-json\/wp\/v2\/users\/1"}],"replies":[{"embeddable":true,"href":"https:\/\/www.osadanawyspie.pl\/index.php\/wp-json\/wp\/v2\/comments?post=216"}],"version-history":[{"count":44,"href":"https:\/\/www.osadanawyspie.pl\/index.php\/wp-json\/wp\/v2\/pages\/216\/revisions"}],"predecessor-version":[{"id":1230,"href":"https:\/\/www.osadanawyspie.pl\/index.php\/wp-json\/wp\/v2\/pages\/216\/revisions\/1230"}],"wp:attachment":[{"href":"https:\/\/www.osadanawyspie.pl\/index.php\/wp-json\/wp\/v2\/media?parent=216"}],"curies":[{"name":"wp","href":"https:\/\/api.w.org\/{rel}","templated":true}]}}